{"id":19,"date":"2011-07-05T14:23:43","date_gmt":"2011-07-05T14:23:43","guid":{"rendered":"http:\/\/anna-steinbach.de\/?page_id=19"},"modified":"2012-10-04T17:20:21","modified_gmt":"2012-10-04T17:20:21","slug":"uber-anna","status":"publish","type":"page","link":"https:\/\/anna-steinbach.de\/?page_id=19","title":{"rendered":"\u00dcber Anna"},"content":{"rendered":"<p><a href=\"http:\/\/anna-steinbach.de\/wp-content\/uploads\/2011\/07\/Anna-web_final.jpg\"><img loading=\"lazy\" decoding=\"async\" class=\"alignleft size-full wp-image-76\" title=\"Fotograf: Oliver Look\" src=\"http:\/\/anna-steinbach.de\/wp-content\/uploads\/2011\/07\/Anna-web_final.jpg\" alt=\"\" width=\"640\" height=\"290\" srcset=\"https:\/\/anna-steinbach.de\/wp-content\/uploads\/2011\/07\/Anna-web_final.jpg 640w, https:\/\/anna-steinbach.de\/wp-content\/uploads\/2011\/07\/Anna-web_final-300x135.jpg 300w\" sizes=\"(max-width: 640px) 100vw, 640px\" \/><\/a><\/p>\n<p>Bad Butterbrot feat. DJ Stulle: STULLENANNABELLS fette Hip-Hop-Beatz<\/p>\n<p>Ma\u0308nnliche Rapperstimme:<\/p>\n<p>ANNA sieht so aus, als k\u00e4m\u2019 sie ausm Norden.<br \/>\nDoch ANNA ist als krasse Braut in K\u00f6ln geboren worden.<br \/>\nVon den Homies in der Schule wird sie Stulle genannt.<br \/>\nIhren Namen hat sie heimlich in ein Buttertoast gebrannt.<br \/>\nANNA hat die dicksten Brote, anders ausgedr\u00fcckt:<br \/>\nANNA hat die Butternote, ideennm\u00e4\u00dfig gut best\u00fcckt.<\/p>\n<p>Frauenchor: Nach dem Abitur macht sie Praktika, denn Praktika sind wirklich wunderbar!<\/p>\n<p>M\u00e4nnliche Rapperstimme:<br \/>\nIn D\u00fcsseldorf studiert sie Kommunikationsdesign,<br \/>\nschrieb sie die geilsten Texte, Mann.<br \/>\nDie Worte hauen richtig rein.<\/p>\n<p>Berlin Kreuzberg macht sie stark f\u00fcr das Leben<br \/>\ndie Kids in dem Ghetto w\u00fcrden alles f\u00fcr sie geben.<br \/>\nIn M\u00fcnchen lernt sie Anstand, auf Bayrisch gehts da ab<br \/>\n&#8216;ne App zu vermarkten, d\u00f6s bringt sie auf Trab.<\/p>\n<p>Es gibt keinen Grund, um sch\u00fcchtern zu sein<br \/>\nschreib ihr &#8216;ne Nachricht, Mann<br \/>\ndann schneit sie bald bei euch herein!<br \/>\nEcho: Dann schneit sie mal bei euch herein. Dann schneit sie mal bei euch herein.<\/p>\n<p>\u00c4h, STULLENANNABELL ist die Beste!<\/p>\n","protected":false},"excerpt":{"rendered":"<p>Bad Butterbrot feat. DJ Stulle: STULLENANNABELLS fette Hip-Hop-Beatz Ma\u0308nnliche Rapperstimme: ANNA sieht so aus, als k\u00e4m\u2019 sie ausm Norden. Doch ANNA ist als krasse Braut in K\u00f6ln geboren worden. Von den Homies in der Schule wird sie Stulle genannt. Ihren Namen hat sie heimlich in ein Buttertoast gebrannt. ANNA hat die dicksten Brote, anders ausgedr\u00fcckt: [&hellip;]<\/p>\n","protected":false},"author":1,"featured_media":77,"parent":0,"menu_order":0,"comment_status":"closed","ping_status":"closed","template":"","meta":{"footnotes":""},"_links":{"self":[{"href":"https:\/\/anna-steinbach.de\/index.php?rest_route=\/wp\/v2\/pages\/19"}],"collection":[{"href":"https:\/\/anna-steinbach.de\/index.php?rest_route=\/wp\/v2\/pages"}],"about":[{"href":"https:\/\/anna-steinbach.de\/index.php?rest_route=\/wp\/v2\/types\/page"}],"author":[{"embeddable":true,"href":"https:\/\/anna-steinbach.de\/index.php?rest_route=\/wp\/v2\/users\/1"}],"replies":[{"embeddable":true,"href":"https:\/\/anna-steinbach.de\/index.php?rest_route=%2Fwp%2Fv2%2Fcomments&post=19"}],"version-history":[{"count":48,"href":"https:\/\/anna-steinbach.de\/index.php?rest_route=\/wp\/v2\/pages\/19\/revisions"}],"predecessor-version":[{"id":21,"href":"https:\/\/anna-steinbach.de\/index.php?rest_route=\/wp\/v2\/pages\/19\/revisions\/21"}],"wp:featuredmedia":[{"embeddable":true,"href":"https:\/\/anna-steinbach.de\/index.php?rest_route=\/wp\/v2\/media\/77"}],"wp:attachment":[{"href":"https:\/\/anna-steinbach.de\/index.php?rest_route=%2Fwp%2Fv2%2Fmedia&parent=19"}],"curies":[{"name":"wp","href":"https:\/\/api.w.org\/{rel}","templated":true}]}}